{"id":10402,"date":"2025-02-26T08:49:27","date_gmt":"2025-02-26T07:49:27","guid":{"rendered":"https:\/\/sylten.dk\/private-gatherings-for-11-24-people\/"},"modified":"2026-04-24T09:16:08","modified_gmt":"2026-04-24T07:16:08","slug":"private-gatherings-for-11-24-people","status":"publish","type":"page","link":"https:\/\/sylten.dk\/en\/private-gatherings-and-conferences\/private-gatherings-for-11-24-people\/","title":{"rendered":"Private gatherings for 11-24 people"},"content":{"rendered":"\t\t<div data-elementor-type=\"wp-page\" data-elementor-id=\"10402\" class=\"elementor elementor-10402 elementor-9766\" data-elementor-post-type=\"page\">\n\t\t\t\t<div class=\"elementor-element elementor-element-7c5d2eb4 e-con-full e-flex e-con e-parent\" data-id=\"7c5d2eb4\" data-element_type=\"container\" data-e-type=\"container\">\n\t\t\t\t<div class=\"elementor-element elementor-element-3868ffd elementor-widget elementor-widget-template\" data-id=\"3868ffd\" data-element_type=\"widget\" data-e-type=\"widget\" data-widget_type=\"template.default\">\n\t\t\t\t<div class=\"elementor-widget-container\">\n\t\t\t\t\t\t\t<div class=\"elementor-template\">\n\t\t\t\t\t<div data-elementor-type=\"container\" data-elementor-id=\"6542\" class=\"elementor elementor-6542\" data-elementor-post-type=\"elementor_library\">\n\t\t\t\t<div class=\"elementor-element elementor-element-2bc4b5ab white e-flex e-con-boxed e-con e-parent\" data-id=\"2bc4b5ab\" data-element_type=\"container\" data-e-type=\"container\" data-settings=\"{&quot;background_background&quot;:&quot;classic&quot;}\">\n\t\t\t\t\t<div class=\"e-con-inner\">\n\t\t\t\t\t<\/div>\n\t\t\t\t<\/div>\n\t\t<div class=\"elementor-element elementor-element-21f8b34 e-flex e-con-boxed e-con e-parent\" data-id=\"21f8b34\" data-element_type=\"container\" data-e-type=\"container\">\n\t\t\t\t\t<div class=\"e-con-inner\">\n\t\t\t\t\t<\/div>\n\t\t\t\t<\/div>\n\t\t\t\t<\/div>\n\t\t\t\t<\/div>\n\t\t\t\t\t\t<\/div>\n\t\t\t\t<\/div>\n\t\t\t\t<\/div>\n\t\t<div class=\"elementor-element elementor-element-2918a9d9 e-flex e-con-boxed e-con e-parent\" data-id=\"2918a9d9\" data-element_type=\"container\" data-e-type=\"container\">\n\t\t\t\t\t<div class=\"e-con-inner\">\n\t\t<div class=\"elementor-element elementor-element-3eef7d53 e-con-full e-flex e-con e-child\" data-id=\"3eef7d53\" data-element_type=\"container\" data-e-type=\"container\">\n\t\t\t\t<div class=\"elementor-element elementor-element-9f12469 elementor-widget elementor-widget-text-editor\" data-id=\"9f12469\" data-element_type=\"widget\" data-e-type=\"widget\" data-widget_type=\"text-editor.default\">\n\t\t\t\t<div class=\"elementor-widget-container\">\n\t\t\t\t\t\t\t\t\t<h2 id=\"tw-target-text\" class=\"tw-data-text tw-text-large tw-ta\" dir=\"ltr\" tabindex=\"-1\" role=\"text\" data-placeholder=\"Overs\u00e6ttelse\" data-ved=\"2ahUKEwiFn-yX-IWUAxXMBxAIHcSwKG0Q3ewLegQIDBAV\" aria-label=\"Oversat tekst: Parties 11-24 people\n\nIf you want to hold a smaller party or meeting for 11-24 people, you have the option of sitting in our beautiful fireplace room facing the water, or if possible in the orangery with a view of Strandengen. You must pre-order from our brunch, lunch or evening bistro menu. If you choose brunch, the whole party must have the same. Booking must be made by email kontakt@sylten.dk\"><span class=\"Y2IQFc\" lang=\"en\">Parties 11-24 people <\/span><\/h2><p class=\"tw-data-text tw-text-large tw-ta\" dir=\"ltr\" tabindex=\"-1\" role=\"text\" data-placeholder=\"Overs\u00e6ttelse\" data-ved=\"2ahUKEwiFn-yX-IWUAxXMBxAIHcSwKG0Q3ewLegQIDBAV\" aria-label=\"Oversat tekst: Parties 11-24 people\n\nIf you want to hold a smaller party or meeting for 11-24 people, you have the option of sitting in our beautiful fireplace room facing the water, or if possible in the orangery with a view of Strandengen. You must pre-order from our brunch, lunch or evening bistro menu. If you choose brunch, the whole party must have the same. Booking must be made by email kontakt@sylten.dk\"><span class=\"Y2IQFc\" lang=\"en\">If you want to hold a smaller party or meeting for 11-24 people, you have the option of sitting in our beautiful fireplace room facing the water, or if possible in the orangery with a view of Strandengen. You must pre-order from our <a href=\"\/brunch\/\">brunch<\/a>, <a href=\"\/lunch\/\">lunch<\/a> or evening <a href=\"https:\/\/sylten.dk\/en\/food-and-drink\/evening-bistro\/\">bistro menu<\/a>. If you choose brunch, the whole party must have the same. Booking must be made by email <a href=\"mailto:kontakt@sylten.dk\">kontakt@sylten.dk<\/a><\/span><\/p>\t\t\t\t\t\t\t\t<\/div>\n\t\t\t\t<\/div>\n\t\t\t\t<div class=\"elementor-element elementor-element-29071c42 elementor-widget-divider--view-line elementor-widget elementor-widget-divider\" data-id=\"29071c42\" data-element_type=\"widget\" data-e-type=\"widget\" data-widget_type=\"divider.default\">\n\t\t\t\t<div class=\"elementor-widget-container\">\n\t\t\t\t\t\t\t<div class=\"elementor-divider\">\n\t\t\t<span class=\"elementor-divider-separator\">\n\t\t\t\t\t\t<\/span>\n\t\t<\/div>\n\t\t\t\t\t\t<\/div>\n\t\t\t\t<\/div>\n\t\t\t\t<\/div>\n\t\t<div class=\"elementor-element elementor-element-05dc3e5 e-con-full e-flex e-con e-child\" data-id=\"05dc3e5\" data-element_type=\"container\" data-e-type=\"container\">\n\t\t\t\t<\/div>\n\t\t<div class=\"elementor-element elementor-element-612ebfff e-con-full e-flex e-con e-child\" data-id=\"612ebfff\" data-element_type=\"container\" data-e-type=\"container\">\n\t\t\t\t<div class=\"elementor-element elementor-element-5bd72af elementor-widget elementor-widget-image\" data-id=\"5bd72af\" data-element_type=\"widget\" data-e-type=\"widget\" data-widget_type=\"image.default\">\n\t\t\t\t<div class=\"elementor-widget-container\">\n\t\t\t\t\t\t\t\t\t\t\t\t\t\t\t<img fetchpriority=\"high\" decoding=\"async\" width=\"750\" height=\"1000\" src=\"https:\/\/sylten.dk\/wp-content\/uploads\/2025\/11\/IMG_8503-750x1000.jpg\" class=\"attachment-large size-large wp-image-11143\" alt=\"\" srcset=\"https:\/\/sylten.dk\/wp-content\/uploads\/2025\/11\/IMG_8503-750x1000.jpg 750w, https:\/\/sylten.dk\/wp-content\/uploads\/2025\/11\/IMG_8503-375x500.jpg 375w, https:\/\/sylten.dk\/wp-content\/uploads\/2025\/11\/IMG_8503-768x1024.jpg 768w, https:\/\/sylten.dk\/wp-content\/uploads\/2025\/11\/IMG_8503-1152x1536.jpg 1152w, https:\/\/sylten.dk\/wp-content\/uploads\/2025\/11\/IMG_8503-scaled.jpg 1536w\" sizes=\"(max-width: 750px) 100vw, 750px\" \/>\t\t\t\t\t\t\t\t\t\t\t\t\t\t\t<\/div>\n\t\t\t\t<\/div>\n\t\t\t\t<\/div>\n\t\t\t\t\t<\/div>\n\t\t\t\t<\/div>\n\t\t\t\t<\/div>\n\t\t","protected":false},"excerpt":{"rendered":"<p>Parties 11-24 people If you want to hold a smaller party or meeting for 11-24 people, you have the option of sitting in our beautiful fireplace room facing the water, or if possible in the orangery with a view of Strandengen. You must pre-order from our brunch, lunch or evening bistro menu. If you choose &#8230; <a title=\"Private gatherings for 11-24 people\" class=\"read-more\" href=\"https:\/\/sylten.dk\/en\/private-gatherings-and-conferences\/private-gatherings-for-11-24-people\/\" aria-label=\"Read more about Private gatherings for 11-24 people\">Read more<\/a><\/p>\n","protected":false},"author":5,"featured_media":11173,"parent":10404,"menu_order":1007,"comment_status":"closed","ping_status":"closed","template":"","meta":{"_acf_changed":false,"footnotes":""},"categories":[],"class_list":["post-10402","page","type-page","status-publish","has-post-thumbnail"],"acf":[],"yoast_head":"<!-- This site is optimized with the Yoast SEO plugin v26.8 - https:\/\/yoast.com\/product\/yoast-seo-wordpress\/ -->\n<title>Private gatherings for 11-24 people | Sylten I\/S<\/title>\n<meta name=\"description\" content=\"Hold a small gathering for 11-24 people in our Pejsestuen facing the water. Here you can choose brunch, lunch or evening bistro and everyone will choose the same\" \/>\n<meta name=\"robots\" content=\"index, follow, max-snippet:-1, max-image-preview:large, max-video-preview:-1\" \/>\n<link rel=\"canonical\" href=\"https:\/\/sylten.dk\/selskaber-og-konference-taet-ved-koebenhavn\/selskaber-11-24-personer\/\" \/>\n<meta property=\"og:locale\" content=\"en_US\" \/>\n<meta property=\"og:type\" content=\"article\" \/>\n<meta property=\"og:title\" content=\"Private gatherings for 11-24 people | Sylten I\/S\" \/>\n<meta property=\"og:description\" content=\"Hold a small gathering for 11-24 people in our Pejsestuen facing the water. Here you can choose brunch, lunch or evening bistro and everyone will choose the same\" \/>\n<meta property=\"og:url\" content=\"https:\/\/sylten.dk\/selskaber-og-konference-taet-ved-koebenhavn\/selskaber-11-24-personer\/\" \/>\n<meta property=\"og:site_name\" content=\"Sylten I\/S\" \/>\n<meta property=\"article:modified_time\" content=\"2026-04-24T07:16:08+00:00\" \/>\n<meta property=\"og:image\" content=\"https:\/\/sylten.dk\/wp-content\/uploads\/2025\/11\/IMG_9555.png\" \/>\n\t<meta property=\"og:image:width\" content=\"1080\" \/>\n\t<meta property=\"og:image:height\" content=\"1080\" \/>\n\t<meta property=\"og:image:type\" content=\"image\/png\" \/>\n<meta name=\"twitter:card\" content=\"summary_large_image\" \/>\n<script type=\"application\/ld+json\" class=\"yoast-schema-graph\">{\"@context\":\"https:\/\/schema.org\",\"@graph\":[{\"@type\":\"WebPage\",\"@id\":\"https:\/\/sylten.dk\/selskaber-og-konference-taet-ved-koebenhavn\/selskaber-11-24-personer\/\",\"url\":\"https:\/\/sylten.dk\/selskaber-og-konference-taet-ved-koebenhavn\/selskaber-11-24-personer\/\",\"name\":\"Private gatherings for 11-24 people | Sylten I\/S\",\"isPartOf\":{\"@id\":\"https:\/\/sylten.dk\/#website\"},\"primaryImageOfPage\":{\"@id\":\"https:\/\/sylten.dk\/selskaber-og-konference-taet-ved-koebenhavn\/selskaber-11-24-personer\/#primaryimage\"},\"image\":{\"@id\":\"https:\/\/sylten.dk\/selskaber-og-konference-taet-ved-koebenhavn\/selskaber-11-24-personer\/#primaryimage\"},\"thumbnailUrl\":\"https:\/\/sylten.dk\/wp-content\/uploads\/2025\/11\/IMG_9555.png\",\"datePublished\":\"2025-02-26T07:49:27+00:00\",\"dateModified\":\"2026-04-24T07:16:08+00:00\",\"description\":\"Hold a small gathering for 11-24 people in our Pejsestuen facing the water. Here you can choose brunch, lunch or evening bistro and everyone will choose the same\",\"breadcrumb\":{\"@id\":\"https:\/\/sylten.dk\/selskaber-og-konference-taet-ved-koebenhavn\/selskaber-11-24-personer\/#breadcrumb\"},\"inLanguage\":\"en-US\",\"potentialAction\":[{\"@type\":\"ReadAction\",\"target\":[\"https:\/\/sylten.dk\/selskaber-og-konference-taet-ved-koebenhavn\/selskaber-11-24-personer\/\"]}]},{\"@type\":\"ImageObject\",\"inLanguage\":\"en-US\",\"@id\":\"https:\/\/sylten.dk\/selskaber-og-konference-taet-ved-koebenhavn\/selskaber-11-24-personer\/#primaryimage\",\"url\":\"https:\/\/sylten.dk\/wp-content\/uploads\/2025\/11\/IMG_9555.png\",\"contentUrl\":\"https:\/\/sylten.dk\/wp-content\/uploads\/2025\/11\/IMG_9555.png\",\"width\":1080,\"height\":1080,\"caption\":\"Hold konfirmation, f\u00f8dselsdag eller bryllup hos Caf\u00e9 Sylten. Perfekt til 11-24 personer med udsigt til vandet, pejsestue og orangeri i natursk\u00f8nne omgivelser.\"},{\"@type\":\"BreadcrumbList\",\"@id\":\"https:\/\/sylten.dk\/selskaber-og-konference-taet-ved-koebenhavn\/selskaber-11-24-personer\/#breadcrumb\",\"itemListElement\":[{\"@type\":\"ListItem\",\"position\":1,\"name\":\"Forside\",\"item\":\"https:\/\/sylten.dk\/\"},{\"@type\":\"ListItem\",\"position\":2,\"name\":\"Private gatherings and conferences\",\"item\":\"https:\/\/sylten.dk\/selskaber-og-konference-taet-ved-koebenhavn\/\"},{\"@type\":\"ListItem\",\"position\":3,\"name\":\"Private gatherings for 11-24 people\"}]},{\"@type\":\"WebSite\",\"@id\":\"https:\/\/sylten.dk\/#website\",\"url\":\"https:\/\/sylten.dk\/\",\"name\":\"Sylten I\/S\",\"description\":\"Mad, kaffe og keramik i Drag\u00f8r\",\"publisher\":{\"@id\":\"https:\/\/sylten.dk\/#organization\"},\"potentialAction\":[{\"@type\":\"SearchAction\",\"target\":{\"@type\":\"EntryPoint\",\"urlTemplate\":\"https:\/\/sylten.dk\/?s={search_term_string}\"},\"query-input\":{\"@type\":\"PropertyValueSpecification\",\"valueRequired\":true,\"valueName\":\"search_term_string\"}}],\"inLanguage\":\"en-US\"},{\"@type\":\"Organization\",\"@id\":\"https:\/\/sylten.dk\/#organization\",\"name\":\"Sylten I\/S\",\"url\":\"https:\/\/sylten.dk\/\",\"logo\":{\"@type\":\"ImageObject\",\"inLanguage\":\"en-US\",\"@id\":\"https:\/\/sylten.dk\/#\/schema\/logo\/image\/\",\"url\":\"https:\/\/sylten.dk\/wp-content\/uploads\/2025\/02\/Logo_Positiv_RGB.svg\",\"contentUrl\":\"https:\/\/sylten.dk\/wp-content\/uploads\/2025\/02\/Logo_Positiv_RGB.svg\",\"width\":2088,\"height\":1811,\"caption\":\"Sylten I\/S\"},\"image\":{\"@id\":\"https:\/\/sylten.dk\/#\/schema\/logo\/image\/\"}}]}<\/script>\n<!-- \/ Yoast SEO plugin. -->","yoast_head_json":{"title":"Private gatherings for 11-24 people | Sylten I\/S","description":"Hold a small gathering for 11-24 people in our Pejsestuen facing the water. Here you can choose brunch, lunch or evening bistro and everyone will choose the same","robots":{"index":"index","follow":"follow","max-snippet":"max-snippet:-1","max-image-preview":"max-image-preview:large","max-video-preview":"max-video-preview:-1"},"canonical":"https:\/\/sylten.dk\/selskaber-og-konference-taet-ved-koebenhavn\/selskaber-11-24-personer\/","og_locale":"en_US","og_type":"article","og_title":"Private gatherings for 11-24 people | Sylten I\/S","og_description":"Hold a small gathering for 11-24 people in our Pejsestuen facing the water. Here you can choose brunch, lunch or evening bistro and everyone will choose the same","og_url":"https:\/\/sylten.dk\/selskaber-og-konference-taet-ved-koebenhavn\/selskaber-11-24-personer\/","og_site_name":"Sylten I\/S","article_modified_time":"2026-04-24T07:16:08+00:00","og_image":[{"width":1080,"height":1080,"url":"https:\/\/sylten.dk\/wp-content\/uploads\/2025\/11\/IMG_9555.png","type":"image\/png"}],"twitter_card":"summary_large_image","schema":{"@context":"https:\/\/schema.org","@graph":[{"@type":"WebPage","@id":"https:\/\/sylten.dk\/selskaber-og-konference-taet-ved-koebenhavn\/selskaber-11-24-personer\/","url":"https:\/\/sylten.dk\/selskaber-og-konference-taet-ved-koebenhavn\/selskaber-11-24-personer\/","name":"Private gatherings for 11-24 people | Sylten I\/S","isPartOf":{"@id":"https:\/\/sylten.dk\/#website"},"primaryImageOfPage":{"@id":"https:\/\/sylten.dk\/selskaber-og-konference-taet-ved-koebenhavn\/selskaber-11-24-personer\/#primaryimage"},"image":{"@id":"https:\/\/sylten.dk\/selskaber-og-konference-taet-ved-koebenhavn\/selskaber-11-24-personer\/#primaryimage"},"thumbnailUrl":"https:\/\/sylten.dk\/wp-content\/uploads\/2025\/11\/IMG_9555.png","datePublished":"2025-02-26T07:49:27+00:00","dateModified":"2026-04-24T07:16:08+00:00","description":"Hold a small gathering for 11-24 people in our Pejsestuen facing the water. Here you can choose brunch, lunch or evening bistro and everyone will choose the same","breadcrumb":{"@id":"https:\/\/sylten.dk\/selskaber-og-konference-taet-ved-koebenhavn\/selskaber-11-24-personer\/#breadcrumb"},"inLanguage":"en-US","potentialAction":[{"@type":"ReadAction","target":["https:\/\/sylten.dk\/selskaber-og-konference-taet-ved-koebenhavn\/selskaber-11-24-personer\/"]}]},{"@type":"ImageObject","inLanguage":"en-US","@id":"https:\/\/sylten.dk\/selskaber-og-konference-taet-ved-koebenhavn\/selskaber-11-24-personer\/#primaryimage","url":"https:\/\/sylten.dk\/wp-content\/uploads\/2025\/11\/IMG_9555.png","contentUrl":"https:\/\/sylten.dk\/wp-content\/uploads\/2025\/11\/IMG_9555.png","width":1080,"height":1080,"caption":"Hold konfirmation, f\u00f8dselsdag eller bryllup hos Caf\u00e9 Sylten. Perfekt til 11-24 personer med udsigt til vandet, pejsestue og orangeri i natursk\u00f8nne omgivelser."},{"@type":"BreadcrumbList","@id":"https:\/\/sylten.dk\/selskaber-og-konference-taet-ved-koebenhavn\/selskaber-11-24-personer\/#breadcrumb","itemListElement":[{"@type":"ListItem","position":1,"name":"Forside","item":"https:\/\/sylten.dk\/"},{"@type":"ListItem","position":2,"name":"Private gatherings and conferences","item":"https:\/\/sylten.dk\/selskaber-og-konference-taet-ved-koebenhavn\/"},{"@type":"ListItem","position":3,"name":"Private gatherings for 11-24 people"}]},{"@type":"WebSite","@id":"https:\/\/sylten.dk\/#website","url":"https:\/\/sylten.dk\/","name":"Sylten I\/S","description":"Mad, kaffe og keramik i Drag\u00f8r","publisher":{"@id":"https:\/\/sylten.dk\/#organization"},"potentialAction":[{"@type":"SearchAction","target":{"@type":"EntryPoint","urlTemplate":"https:\/\/sylten.dk\/?s={search_term_string}"},"query-input":{"@type":"PropertyValueSpecification","valueRequired":true,"valueName":"search_term_string"}}],"inLanguage":"en-US"},{"@type":"Organization","@id":"https:\/\/sylten.dk\/#organization","name":"Sylten I\/S","url":"https:\/\/sylten.dk\/","logo":{"@type":"ImageObject","inLanguage":"en-US","@id":"https:\/\/sylten.dk\/#\/schema\/logo\/image\/","url":"https:\/\/sylten.dk\/wp-content\/uploads\/2025\/02\/Logo_Positiv_RGB.svg","contentUrl":"https:\/\/sylten.dk\/wp-content\/uploads\/2025\/02\/Logo_Positiv_RGB.svg","width":2088,"height":1811,"caption":"Sylten I\/S"},"image":{"@id":"https:\/\/sylten.dk\/#\/schema\/logo\/image\/"}}]}},"_links":{"self":[{"href":"https:\/\/sylten.dk\/en\/wp-json\/wp\/v2\/pages\/10402","targetHints":{"allow":["GET"]}}],"collection":[{"href":"https:\/\/sylten.dk\/en\/wp-json\/wp\/v2\/pages"}],"about":[{"href":"https:\/\/sylten.dk\/en\/wp-json\/wp\/v2\/types\/page"}],"author":[{"embeddable":true,"href":"https:\/\/sylten.dk\/en\/wp-json\/wp\/v2\/users\/5"}],"replies":[{"embeddable":true,"href":"https:\/\/sylten.dk\/en\/wp-json\/wp\/v2\/comments?post=10402"}],"version-history":[{"count":8,"href":"https:\/\/sylten.dk\/en\/wp-json\/wp\/v2\/pages\/10402\/revisions"}],"predecessor-version":[{"id":11450,"href":"https:\/\/sylten.dk\/en\/wp-json\/wp\/v2\/pages\/10402\/revisions\/11450"}],"up":[{"embeddable":true,"href":"https:\/\/sylten.dk\/en\/wp-json\/wp\/v2\/pages\/10404"}],"wp:featuredmedia":[{"embeddable":true,"href":"https:\/\/sylten.dk\/en\/wp-json\/wp\/v2\/media\/11173"}],"wp:attachment":[{"href":"https:\/\/sylten.dk\/en\/wp-json\/wp\/v2\/media?parent=10402"}],"wp:term":[{"taxonomy":"category","embeddable":true,"href":"https:\/\/sylten.dk\/en\/wp-json\/wp\/v2\/categories?post=10402"}],"curies":[{"name":"wp","href":"https:\/\/api.w.org\/{rel}","templated":true}]}}