{"id":10404,"date":"2025-02-05T09:49:51","date_gmt":"2025-02-05T08:49:51","guid":{"rendered":"https:\/\/sylten.dk\/private-gatherings-and-conferences\/"},"modified":"2025-04-02T08:12:36","modified_gmt":"2025-04-02T06:12:36","slug":"private-gatherings-and-conferences","status":"publish","type":"page","link":"https:\/\/sylten.dk\/en\/private-gatherings-and-conferences\/","title":{"rendered":"Private gatherings and conferences"},"content":{"rendered":"\t\t<div data-elementor-type=\"wp-page\" data-elementor-id=\"10404\" class=\"elementor elementor-10404 elementor-9458\" data-elementor-post-type=\"page\">\n\t\t\t\t<div class=\"elementor-element elementor-element-2f28a3f4 e-con-full e-flex e-con e-parent\" data-id=\"2f28a3f4\" data-element_type=\"container\" data-e-type=\"container\">\n\t\t\t\t<div class=\"elementor-element elementor-element-2a795894 elementor-widget elementor-widget-template\" data-id=\"2a795894\" data-element_type=\"widget\" data-e-type=\"widget\" data-widget_type=\"template.default\">\n\t\t\t\t<div class=\"elementor-widget-container\">\n\t\t\t\t\t\t\t<div class=\"elementor-template\">\n\t\t\t\t\t<div data-elementor-type=\"container\" data-elementor-id=\"6542\" class=\"elementor elementor-6542\" data-elementor-post-type=\"elementor_library\">\n\t\t\t\t<div class=\"elementor-element elementor-element-2bc4b5ab white e-flex e-con-boxed e-con e-parent\" data-id=\"2bc4b5ab\" data-element_type=\"container\" data-e-type=\"container\" data-settings=\"{&quot;background_background&quot;:&quot;classic&quot;}\">\n\t\t\t\t\t<div class=\"e-con-inner\">\n\t\t\t\t\t<\/div>\n\t\t\t\t<\/div>\n\t\t<div class=\"elementor-element elementor-element-21f8b34 e-flex e-con-boxed e-con e-parent\" data-id=\"21f8b34\" data-element_type=\"container\" data-e-type=\"container\">\n\t\t\t\t\t<div class=\"e-con-inner\">\n\t\t\t\t\t<\/div>\n\t\t\t\t<\/div>\n\t\t\t\t<\/div>\n\t\t\t\t<\/div>\n\t\t\t\t\t\t<\/div>\n\t\t\t\t<\/div>\n\t\t\t\t<\/div>\n\t\t<div class=\"elementor-element elementor-element-ba6adb3 e-flex e-con-boxed e-con e-parent\" data-id=\"ba6adb3\" data-element_type=\"container\" data-e-type=\"container\">\n\t\t\t\t\t<div class=\"e-con-inner\">\n\t\t<div class=\"elementor-element elementor-element-3c75533f e-con-full e-flex e-con e-child\" data-id=\"3c75533f\" data-element_type=\"container\" data-e-type=\"container\">\n\t\t\t\t<div class=\"elementor-element elementor-element-56647980 elementor-widget elementor-widget-text-editor\" data-id=\"56647980\" data-element_type=\"widget\" data-e-type=\"widget\" data-widget_type=\"text-editor.default\">\n\t\t\t\t<div class=\"elementor-widget-container\">\n\t\t\t\t\t\t\t\t\t<h2>Host your next party with us<\/h2>\n\t\t\t\t\t\t\t\t<\/div>\n\t\t\t\t<\/div>\n\t\t\t\t<div class=\"elementor-element elementor-element-6daa73d4 elementor-widget-divider--view-line elementor-widget elementor-widget-divider\" data-id=\"6daa73d4\" data-element_type=\"widget\" data-e-type=\"widget\" data-widget_type=\"divider.default\">\n\t\t\t\t<div class=\"elementor-widget-container\">\n\t\t\t\t\t\t\t<div class=\"elementor-divider\">\n\t\t\t<span class=\"elementor-divider-separator\">\n\t\t\t\t\t\t<\/span>\n\t\t<\/div>\n\t\t\t\t\t\t<\/div>\n\t\t\t\t<\/div>\n\t\t\t\t<\/div>\n\t\t<div class=\"elementor-element elementor-element-67149e9 e-con-full e-flex e-con e-child\" data-id=\"67149e9\" data-element_type=\"container\" data-e-type=\"container\">\n\t\t\t\t<div class=\"elementor-element elementor-element-9598fdb elementor-widget elementor-widget-image\" data-id=\"9598fdb\" data-element_type=\"widget\" data-e-type=\"widget\" data-widget_type=\"image.default\">\n\t\t\t\t<div class=\"elementor-widget-container\">\n\t\t\t\t\t\t\t\t\t\t\t\t\t\t\t<img fetchpriority=\"high\" decoding=\"async\" width=\"667\" height=\"1000\" src=\"https:\/\/sylten.dk\/wp-content\/uploads\/2025\/03\/DSC04905-667x1000.jpg\" class=\"attachment-large size-large wp-image-10074\" alt=\"\" srcset=\"https:\/\/sylten.dk\/wp-content\/uploads\/2025\/03\/DSC04905-667x1000.jpg 667w, https:\/\/sylten.dk\/wp-content\/uploads\/2025\/03\/DSC04905-333x500.jpg 333w, https:\/\/sylten.dk\/wp-content\/uploads\/2025\/03\/DSC04905-768x1152.jpg 768w, https:\/\/sylten.dk\/wp-content\/uploads\/2025\/03\/DSC04905-1024x1536.jpg 1024w, https:\/\/sylten.dk\/wp-content\/uploads\/2025\/03\/DSC04905.jpg 1365w\" sizes=\"(max-width: 667px) 100vw, 667px\" \/>\t\t\t\t\t\t\t\t\t\t\t\t\t\t\t<\/div>\n\t\t\t\t<\/div>\n\t\t\t\t<div class=\"elementor-element elementor-element-533e2ab elementor-widget elementor-widget-heading\" data-id=\"533e2ab\" data-element_type=\"widget\" data-e-type=\"widget\" data-widget_type=\"heading.default\">\n\t\t\t\t<div class=\"elementor-widget-container\">\n\t\t\t\t\t<h4 class=\"elementor-heading-title elementor-size-default\">Private gatherings for 11-24 people<\/h4>\t\t\t\t<\/div>\n\t\t\t\t<\/div>\n\t\t\t\t<div class=\"elementor-element elementor-element-287efdb elementor-widget elementor-widget-text-editor\" data-id=\"287efdb\" data-element_type=\"widget\" data-e-type=\"widget\" data-widget_type=\"text-editor.default\">\n\t\t\t\t<div class=\"elementor-widget-container\">\n\t\t\t\t\t\t\t\t\t<p>Private gatherings with Sylten&#8217;s other guests.<\/p>\n\t\t\t\t\t\t\t\t<\/div>\n\t\t\t\t<\/div>\n\t\t\t\t<div class=\"elementor-element elementor-element-510a8bd elementor-align-left cta elementor-widget elementor-widget-button\" data-id=\"510a8bd\" data-element_type=\"widget\" data-e-type=\"widget\" data-widget_type=\"button.default\">\n\t\t\t\t<div class=\"elementor-widget-container\">\n\t\t\t\t\t\t\t\t\t<div class=\"elementor-button-wrapper\">\n\t\t\t\t\t<a class=\"elementor-button elementor-button-link elementor-size-sm\" href=\"https:\/\/sylten.dk\/en\/private-gatherings-for-11-24-people\/\" target=\"_blank\">\n\t\t\t\t\t\t<span class=\"elementor-button-content-wrapper\">\n\t\t\t\t\t\t\t\t\t<span class=\"elementor-button-text\">Read more<\/span>\n\t\t\t\t\t<\/span>\n\t\t\t\t\t<\/a>\n\t\t\t\t<\/div>\n\t\t\t\t\t\t\t\t<\/div>\n\t\t\t\t<\/div>\n\t\t\t\t<\/div>\n\t\t<div class=\"elementor-element elementor-element-6d2f248 e-con-full e-flex e-con e-child\" data-id=\"6d2f248\" data-element_type=\"container\" data-e-type=\"container\">\n\t\t\t\t<div class=\"elementor-element elementor-element-f65c8cf elementor-widget elementor-widget-image\" data-id=\"f65c8cf\" data-element_type=\"widget\" data-e-type=\"widget\" data-widget_type=\"image.default\">\n\t\t\t\t<div class=\"elementor-widget-container\">\n\t\t\t\t\t\t\t\t\t\t\t\t\t\t\t<img decoding=\"async\" width=\"1000\" height=\"667\" src=\"https:\/\/sylten.dk\/wp-content\/uploads\/2025\/03\/DSC04845-1000x667.jpg\" class=\"attachment-large size-large wp-image-10112\" alt=\"\" srcset=\"https:\/\/sylten.dk\/wp-content\/uploads\/2025\/03\/DSC04845-1000x667.jpg 1000w, https:\/\/sylten.dk\/wp-content\/uploads\/2025\/03\/DSC04845-500x333.jpg 500w, https:\/\/sylten.dk\/wp-content\/uploads\/2025\/03\/DSC04845-768x512.jpg 768w, https:\/\/sylten.dk\/wp-content\/uploads\/2025\/03\/DSC04845-1536x1024.jpg 1536w, https:\/\/sylten.dk\/wp-content\/uploads\/2025\/03\/DSC04845.jpg 2048w\" sizes=\"(max-width: 1000px) 100vw, 1000px\" \/>\t\t\t\t\t\t\t\t\t\t\t\t\t\t\t<\/div>\n\t\t\t\t<\/div>\n\t\t\t\t<div class=\"elementor-element elementor-element-d4e147a elementor-widget elementor-widget-heading\" data-id=\"d4e147a\" data-element_type=\"widget\" data-e-type=\"widget\" data-widget_type=\"heading.default\">\n\t\t\t\t<div class=\"elementor-widget-container\">\n\t\t\t\t\t<h4 class=\"elementor-heading-title elementor-size-default\">Private gatherings for 25-55 people<\/h4>\t\t\t\t<\/div>\n\t\t\t\t<\/div>\n\t\t\t\t<div class=\"elementor-element elementor-element-5bef558 elementor-widget elementor-widget-text-editor\" data-id=\"5bef558\" data-element_type=\"widget\" data-e-type=\"widget\" data-widget_type=\"text-editor.default\">\n\t\t\t\t<div class=\"elementor-widget-container\">\n\t\t\t\t\t\t\t\t\t<p>Private room in the fireplace room or orangery with possibility of party.<\/p>\n\t\t\t\t\t\t\t\t<\/div>\n\t\t\t\t<\/div>\n\t\t\t\t<div class=\"elementor-element elementor-element-d526d8f elementor-align-left cta elementor-widget elementor-widget-button\" data-id=\"d526d8f\" data-element_type=\"widget\" data-e-type=\"widget\" data-widget_type=\"button.default\">\n\t\t\t\t<div class=\"elementor-widget-container\">\n\t\t\t\t\t\t\t\t\t<div class=\"elementor-button-wrapper\">\n\t\t\t\t\t<a class=\"elementor-button elementor-button-link elementor-size-sm\" href=\"https:\/\/sylten.dk\/en\/private-gatherings-and-conferences\/private-gatherings-for-25-55-people\/\" target=\"_blank\">\n\t\t\t\t\t\t<span class=\"elementor-button-content-wrapper\">\n\t\t\t\t\t\t\t\t\t<span class=\"elementor-button-text\">Read more<\/span>\n\t\t\t\t\t<\/span>\n\t\t\t\t\t<\/a>\n\t\t\t\t<\/div>\n\t\t\t\t\t\t\t\t<\/div>\n\t\t\t\t<\/div>\n\t\t\t\t<\/div>\n\t\t<div class=\"elementor-element elementor-element-95ec801 e-con-full e-flex e-con e-child\" data-id=\"95ec801\" data-element_type=\"container\" data-e-type=\"container\">\n\t\t\t\t<div class=\"elementor-element elementor-element-6be1181 elementor-widget elementor-widget-image\" data-id=\"6be1181\" data-element_type=\"widget\" data-e-type=\"widget\" data-widget_type=\"image.default\">\n\t\t\t\t<div class=\"elementor-widget-container\">\n\t\t\t\t\t\t\t\t\t\t\t\t\t\t\t<img decoding=\"async\" width=\"750\" height=\"1000\" src=\"https:\/\/sylten.dk\/wp-content\/uploads\/2025\/02\/sylten-huset7-750x1000.jpg\" class=\"attachment-large size-large wp-image-9592\" alt=\"\" srcset=\"https:\/\/sylten.dk\/wp-content\/uploads\/2025\/02\/sylten-huset7-750x1000.jpg 750w, https:\/\/sylten.dk\/wp-content\/uploads\/2025\/02\/sylten-huset7-375x500.jpg 375w, https:\/\/sylten.dk\/wp-content\/uploads\/2025\/02\/sylten-huset7-768x1024.jpg 768w, https:\/\/sylten.dk\/wp-content\/uploads\/2025\/02\/sylten-huset7-1152x1536.jpg 1152w, https:\/\/sylten.dk\/wp-content\/uploads\/2025\/02\/sylten-huset7.jpg 1536w\" sizes=\"(max-width: 750px) 100vw, 750px\" \/>\t\t\t\t\t\t\t\t\t\t\t\t\t\t\t<\/div>\n\t\t\t\t<\/div>\n\t\t\t\t<div class=\"elementor-element elementor-element-39a0348 elementor-widget elementor-widget-heading\" data-id=\"39a0348\" data-element_type=\"widget\" data-e-type=\"widget\" data-widget_type=\"heading.default\">\n\t\t\t\t<div class=\"elementor-widget-container\">\n\t\t\t\t\t<h4 class=\"elementor-heading-title elementor-size-default\">Private gatherings for 55+ people<\/h4>\t\t\t\t<\/div>\n\t\t\t\t<\/div>\n\t\t\t\t<div class=\"elementor-element elementor-element-00ad0df elementor-widget elementor-widget-text-editor\" data-id=\"00ad0df\" data-element_type=\"widget\" data-e-type=\"widget\" data-widget_type=\"text-editor.default\">\n\t\t\t\t<div class=\"elementor-widget-container\">\n\t\t\t\t\t\t\t\t\t<p>Contact us to find out more about the possibilities.<\/p>\n\t\t\t\t\t\t\t\t<\/div>\n\t\t\t\t<\/div>\n\t\t\t\t<div class=\"elementor-element elementor-element-ef7cf10 elementor-align-left cta elementor-widget elementor-widget-button\" data-id=\"ef7cf10\" data-element_type=\"widget\" data-e-type=\"widget\" data-widget_type=\"button.default\">\n\t\t\t\t<div class=\"elementor-widget-container\">\n\t\t\t\t\t\t\t\t\t<div class=\"elementor-button-wrapper\">\n\t\t\t\t\t<a class=\"elementor-button elementor-button-link elementor-size-sm\" href=\"https:\/\/sylten.dk\/en\/private-gatherings-and-conferences\/private-gatherings-for-55-people\/\" target=\"_blank\">\n\t\t\t\t\t\t<span class=\"elementor-button-content-wrapper\">\n\t\t\t\t\t\t\t\t\t<span class=\"elementor-button-text\">Read more<\/span>\n\t\t\t\t\t<\/span>\n\t\t\t\t\t<\/a>\n\t\t\t\t<\/div>\n\t\t\t\t\t\t\t\t<\/div>\n\t\t\t\t<\/div>\n\t\t\t\t<\/div>\n\t\t<div class=\"elementor-element elementor-element-333d8f0 e-con-full e-flex e-con e-child\" data-id=\"333d8f0\" data-element_type=\"container\" data-e-type=\"container\">\n\t\t\t\t<div class=\"elementor-element elementor-element-1f621b5 elementor-widget elementor-widget-image\" data-id=\"1f621b5\" data-element_type=\"widget\" data-e-type=\"widget\" data-widget_type=\"image.default\">\n\t\t\t\t<div class=\"elementor-widget-container\">\n\t\t\t\t\t\t\t\t\t\t\t\t\t\t\t<img loading=\"lazy\" decoding=\"async\" width=\"750\" height=\"1000\" src=\"https:\/\/sylten.dk\/wp-content\/uploads\/2025\/02\/IMG_56411-750x1000.jpg\" class=\"attachment-large size-large wp-image-9610\" alt=\"\" srcset=\"https:\/\/sylten.dk\/wp-content\/uploads\/2025\/02\/IMG_56411-750x1000.jpg 750w, https:\/\/sylten.dk\/wp-content\/uploads\/2025\/02\/IMG_56411-375x500.jpg 375w, https:\/\/sylten.dk\/wp-content\/uploads\/2025\/02\/IMG_56411-768x1024.jpg 768w, https:\/\/sylten.dk\/wp-content\/uploads\/2025\/02\/IMG_56411-1152x1536.jpg 1152w, https:\/\/sylten.dk\/wp-content\/uploads\/2025\/02\/IMG_56411.jpg 1536w\" sizes=\"(max-width: 750px) 100vw, 750px\" \/>\t\t\t\t\t\t\t\t\t\t\t\t\t\t\t<\/div>\n\t\t\t\t<\/div>\n\t\t\t\t<div class=\"elementor-element elementor-element-edddeb8 elementor-widget elementor-widget-heading\" data-id=\"edddeb8\" data-element_type=\"widget\" data-e-type=\"widget\" data-widget_type=\"heading.default\">\n\t\t\t\t<div class=\"elementor-widget-container\">\n\t\t\t\t\t<h4 class=\"elementor-heading-title elementor-size-default\">Conference and workshops<\/h4>\t\t\t\t<\/div>\n\t\t\t\t<\/div>\n\t\t\t\t<div class=\"elementor-element elementor-element-a2ee38a elementor-widget elementor-widget-text-editor\" data-id=\"a2ee38a\" data-element_type=\"widget\" data-e-type=\"widget\" data-widget_type=\"text-editor.default\">\n\t\t\t\t<div class=\"elementor-widget-container\">\n\t\t\t\t\t\t\t\t\t<p>Contact us to find out more about the possibilities.<\/p>\n\t\t\t\t\t\t\t\t<\/div>\n\t\t\t\t<\/div>\n\t\t\t\t<div class=\"elementor-element elementor-element-a0e6cfd elementor-align-left cta elementor-widget elementor-widget-button\" data-id=\"a0e6cfd\" data-element_type=\"widget\" data-e-type=\"widget\" data-widget_type=\"button.default\">\n\t\t\t\t<div class=\"elementor-widget-container\">\n\t\t\t\t\t\t\t\t\t<div class=\"elementor-button-wrapper\">\n\t\t\t\t\t<a class=\"elementor-button elementor-button-link elementor-size-sm\" href=\"https:\/\/sylten.dk\/en\/private-gatherings-and-conferences\/conference-and-workshops\/\" target=\"_blank\">\n\t\t\t\t\t\t<span class=\"elementor-button-content-wrapper\">\n\t\t\t\t\t\t\t\t\t<span class=\"elementor-button-text\">Read more<\/span>\n\t\t\t\t\t<\/span>\n\t\t\t\t\t<\/a>\n\t\t\t\t<\/div>\n\t\t\t\t\t\t\t\t<\/div>\n\t\t\t\t<\/div>\n\t\t\t\t<\/div>\n\t\t\t\t\t<\/div>\n\t\t\t\t<\/div>\n\t\t\t\t<\/div>\n\t\t","protected":false},"excerpt":{"rendered":"<p>Host your next party with us Private gatherings for 11-24 people Private gatherings with Sylten&#8217;s other guests. Read more Private gatherings for 25-55 people Private room in the fireplace room or orangery with possibility of party. Read more Private gatherings for 55+ people Contact us to find out more about the possibilities. Read more Conference &#8230; <a title=\"Private gatherings and conferences\" class=\"read-more\" href=\"https:\/\/sylten.dk\/en\/private-gatherings-and-conferences\/\" aria-label=\"Read more about Private gatherings and conferences\">Read more<\/a><\/p>\n","protected":false},"author":5,"featured_media":11143,"parent":0,"menu_order":1002,"comment_status":"closed","ping_status":"closed","template":"","meta":{"_acf_changed":false,"footnotes":""},"categories":[],"class_list":["post-10404","page","type-page","status-publish","has-post-thumbnail"],"acf":[],"yoast_head":"<!-- This site is optimized with the Yoast SEO plugin v26.8 - https:\/\/yoast.com\/product\/yoast-seo-wordpress\/ -->\n<title>Private gatherings and conferences | Sylten I\/S<\/title>\n<meta name=\"robots\" content=\"index, follow, max-snippet:-1, max-image-preview:large, max-video-preview:-1\" \/>\n<link rel=\"canonical\" href=\"https:\/\/sylten.dk\/selskaber-og-konference-taet-ved-koebenhavn\/\" \/>\n<meta property=\"og:locale\" content=\"en_US\" \/>\n<meta property=\"og:type\" content=\"article\" \/>\n<meta property=\"og:title\" content=\"Private gatherings and conferences | Sylten I\/S\" \/>\n<meta property=\"og:description\" content=\"Host your next party with us Private gatherings for 11-24 people Private gatherings with Sylten&#8217;s other guests. Read more Private gatherings for 25-55 people Private room in the fireplace room or orangery with possibility of party. Read more Private gatherings for 55+ people Contact us to find out more about the possibilities. Read more Conference ... Read more\" \/>\n<meta property=\"og:url\" content=\"https:\/\/sylten.dk\/selskaber-og-konference-taet-ved-koebenhavn\/\" \/>\n<meta property=\"og:site_name\" content=\"Sylten I\/S\" \/>\n<meta property=\"article:modified_time\" content=\"2025-04-02T06:12:36+00:00\" \/>\n<meta property=\"og:image\" content=\"https:\/\/sylten.dk\/wp-content\/uploads\/2025\/11\/IMG_8503-scaled.jpg\" \/>\n\t<meta property=\"og:image:width\" content=\"1536\" \/>\n\t<meta property=\"og:image:height\" content=\"2048\" \/>\n\t<meta property=\"og:image:type\" content=\"image\/jpeg\" \/>\n<meta name=\"twitter:card\" content=\"summary_large_image\" \/>\n<script type=\"application\/ld+json\" class=\"yoast-schema-graph\">{\"@context\":\"https:\/\/schema.org\",\"@graph\":[{\"@type\":\"WebPage\",\"@id\":\"https:\/\/sylten.dk\/selskaber-og-konference-taet-ved-koebenhavn\/\",\"url\":\"https:\/\/sylten.dk\/selskaber-og-konference-taet-ved-koebenhavn\/\",\"name\":\"Private gatherings and conferences | Sylten I\/S\",\"isPartOf\":{\"@id\":\"https:\/\/sylten.dk\/#website\"},\"primaryImageOfPage\":{\"@id\":\"https:\/\/sylten.dk\/selskaber-og-konference-taet-ved-koebenhavn\/#primaryimage\"},\"image\":{\"@id\":\"https:\/\/sylten.dk\/selskaber-og-konference-taet-ved-koebenhavn\/#primaryimage\"},\"thumbnailUrl\":\"https:\/\/sylten.dk\/wp-content\/uploads\/2025\/11\/IMG_8503-scaled.jpg\",\"datePublished\":\"2025-02-05T08:49:51+00:00\",\"dateModified\":\"2025-04-02T06:12:36+00:00\",\"breadcrumb\":{\"@id\":\"https:\/\/sylten.dk\/selskaber-og-konference-taet-ved-koebenhavn\/#breadcrumb\"},\"inLanguage\":\"en-US\",\"potentialAction\":[{\"@type\":\"ReadAction\",\"target\":[\"https:\/\/sylten.dk\/selskaber-og-konference-taet-ved-koebenhavn\/\"]}]},{\"@type\":\"ImageObject\",\"inLanguage\":\"en-US\",\"@id\":\"https:\/\/sylten.dk\/selskaber-og-konference-taet-ved-koebenhavn\/#primaryimage\",\"url\":\"https:\/\/sylten.dk\/wp-content\/uploads\/2025\/11\/IMG_8503-scaled.jpg\",\"contentUrl\":\"https:\/\/sylten.dk\/wp-content\/uploads\/2025\/11\/IMG_8503-scaled.jpg\",\"width\":1536,\"height\":2048,\"caption\":\"konfirmation og f\u00f8dselsdagsfest i Drag\u00f8r t\u00e6t ved K\u00f8benhavn i selskabslokale i orangeri ved vandet\"},{\"@type\":\"BreadcrumbList\",\"@id\":\"https:\/\/sylten.dk\/selskaber-og-konference-taet-ved-koebenhavn\/#breadcrumb\",\"itemListElement\":[{\"@type\":\"ListItem\",\"position\":1,\"name\":\"Forside\",\"item\":\"https:\/\/sylten.dk\/\"},{\"@type\":\"ListItem\",\"position\":2,\"name\":\"Private gatherings and conferences\"}]},{\"@type\":\"WebSite\",\"@id\":\"https:\/\/sylten.dk\/#website\",\"url\":\"https:\/\/sylten.dk\/\",\"name\":\"Sylten I\/S\",\"description\":\"Mad, kaffe og keramik i Drag\u00f8r\",\"publisher\":{\"@id\":\"https:\/\/sylten.dk\/#organization\"},\"potentialAction\":[{\"@type\":\"SearchAction\",\"target\":{\"@type\":\"EntryPoint\",\"urlTemplate\":\"https:\/\/sylten.dk\/?s={search_term_string}\"},\"query-input\":{\"@type\":\"PropertyValueSpecification\",\"valueRequired\":true,\"valueName\":\"search_term_string\"}}],\"inLanguage\":\"en-US\"},{\"@type\":\"Organization\",\"@id\":\"https:\/\/sylten.dk\/#organization\",\"name\":\"Sylten I\/S\",\"url\":\"https:\/\/sylten.dk\/\",\"logo\":{\"@type\":\"ImageObject\",\"inLanguage\":\"en-US\",\"@id\":\"https:\/\/sylten.dk\/#\/schema\/logo\/image\/\",\"url\":\"https:\/\/sylten.dk\/wp-content\/uploads\/2025\/02\/Logo_Positiv_RGB.svg\",\"contentUrl\":\"https:\/\/sylten.dk\/wp-content\/uploads\/2025\/02\/Logo_Positiv_RGB.svg\",\"width\":2088,\"height\":1811,\"caption\":\"Sylten I\/S\"},\"image\":{\"@id\":\"https:\/\/sylten.dk\/#\/schema\/logo\/image\/\"}}]}<\/script>\n<!-- \/ Yoast SEO plugin. -->","yoast_head_json":{"title":"Private gatherings and conferences | Sylten I\/S","robots":{"index":"index","follow":"follow","max-snippet":"max-snippet:-1","max-image-preview":"max-image-preview:large","max-video-preview":"max-video-preview:-1"},"canonical":"https:\/\/sylten.dk\/selskaber-og-konference-taet-ved-koebenhavn\/","og_locale":"en_US","og_type":"article","og_title":"Private gatherings and conferences | Sylten I\/S","og_description":"Host your next party with us Private gatherings for 11-24 people Private gatherings with Sylten&#8217;s other guests. Read more Private gatherings for 25-55 people Private room in the fireplace room or orangery with possibility of party. Read more Private gatherings for 55+ people Contact us to find out more about the possibilities. Read more Conference ... Read more","og_url":"https:\/\/sylten.dk\/selskaber-og-konference-taet-ved-koebenhavn\/","og_site_name":"Sylten I\/S","article_modified_time":"2025-04-02T06:12:36+00:00","og_image":[{"width":1536,"height":2048,"url":"https:\/\/sylten.dk\/wp-content\/uploads\/2025\/11\/IMG_8503-scaled.jpg","type":"image\/jpeg"}],"twitter_card":"summary_large_image","schema":{"@context":"https:\/\/schema.org","@graph":[{"@type":"WebPage","@id":"https:\/\/sylten.dk\/selskaber-og-konference-taet-ved-koebenhavn\/","url":"https:\/\/sylten.dk\/selskaber-og-konference-taet-ved-koebenhavn\/","name":"Private gatherings and conferences | Sylten I\/S","isPartOf":{"@id":"https:\/\/sylten.dk\/#website"},"primaryImageOfPage":{"@id":"https:\/\/sylten.dk\/selskaber-og-konference-taet-ved-koebenhavn\/#primaryimage"},"image":{"@id":"https:\/\/sylten.dk\/selskaber-og-konference-taet-ved-koebenhavn\/#primaryimage"},"thumbnailUrl":"https:\/\/sylten.dk\/wp-content\/uploads\/2025\/11\/IMG_8503-scaled.jpg","datePublished":"2025-02-05T08:49:51+00:00","dateModified":"2025-04-02T06:12:36+00:00","breadcrumb":{"@id":"https:\/\/sylten.dk\/selskaber-og-konference-taet-ved-koebenhavn\/#breadcrumb"},"inLanguage":"en-US","potentialAction":[{"@type":"ReadAction","target":["https:\/\/sylten.dk\/selskaber-og-konference-taet-ved-koebenhavn\/"]}]},{"@type":"ImageObject","inLanguage":"en-US","@id":"https:\/\/sylten.dk\/selskaber-og-konference-taet-ved-koebenhavn\/#primaryimage","url":"https:\/\/sylten.dk\/wp-content\/uploads\/2025\/11\/IMG_8503-scaled.jpg","contentUrl":"https:\/\/sylten.dk\/wp-content\/uploads\/2025\/11\/IMG_8503-scaled.jpg","width":1536,"height":2048,"caption":"konfirmation og f\u00f8dselsdagsfest i Drag\u00f8r t\u00e6t ved K\u00f8benhavn i selskabslokale i orangeri ved vandet"},{"@type":"BreadcrumbList","@id":"https:\/\/sylten.dk\/selskaber-og-konference-taet-ved-koebenhavn\/#breadcrumb","itemListElement":[{"@type":"ListItem","position":1,"name":"Forside","item":"https:\/\/sylten.dk\/"},{"@type":"ListItem","position":2,"name":"Private gatherings and conferences"}]},{"@type":"WebSite","@id":"https:\/\/sylten.dk\/#website","url":"https:\/\/sylten.dk\/","name":"Sylten I\/S","description":"Mad, kaffe og keramik i Drag\u00f8r","publisher":{"@id":"https:\/\/sylten.dk\/#organization"},"potentialAction":[{"@type":"SearchAction","target":{"@type":"EntryPoint","urlTemplate":"https:\/\/sylten.dk\/?s={search_term_string}"},"query-input":{"@type":"PropertyValueSpecification","valueRequired":true,"valueName":"search_term_string"}}],"inLanguage":"en-US"},{"@type":"Organization","@id":"https:\/\/sylten.dk\/#organization","name":"Sylten I\/S","url":"https:\/\/sylten.dk\/","logo":{"@type":"ImageObject","inLanguage":"en-US","@id":"https:\/\/sylten.dk\/#\/schema\/logo\/image\/","url":"https:\/\/sylten.dk\/wp-content\/uploads\/2025\/02\/Logo_Positiv_RGB.svg","contentUrl":"https:\/\/sylten.dk\/wp-content\/uploads\/2025\/02\/Logo_Positiv_RGB.svg","width":2088,"height":1811,"caption":"Sylten I\/S"},"image":{"@id":"https:\/\/sylten.dk\/#\/schema\/logo\/image\/"}}]}},"_links":{"self":[{"href":"https:\/\/sylten.dk\/en\/wp-json\/wp\/v2\/pages\/10404","targetHints":{"allow":["GET"]}}],"collection":[{"href":"https:\/\/sylten.dk\/en\/wp-json\/wp\/v2\/pages"}],"about":[{"href":"https:\/\/sylten.dk\/en\/wp-json\/wp\/v2\/types\/page"}],"author":[{"embeddable":true,"href":"https:\/\/sylten.dk\/en\/wp-json\/wp\/v2\/users\/5"}],"replies":[{"embeddable":true,"href":"https:\/\/sylten.dk\/en\/wp-json\/wp\/v2\/comments?post=10404"}],"version-history":[{"count":1,"href":"https:\/\/sylten.dk\/en\/wp-json\/wp\/v2\/pages\/10404\/revisions"}],"predecessor-version":[{"id":10405,"href":"https:\/\/sylten.dk\/en\/wp-json\/wp\/v2\/pages\/10404\/revisions\/10405"}],"wp:featuredmedia":[{"embeddable":true,"href":"https:\/\/sylten.dk\/en\/wp-json\/wp\/v2\/media\/11143"}],"wp:attachment":[{"href":"https:\/\/sylten.dk\/en\/wp-json\/wp\/v2\/media?parent=10404"}],"wp:term":[{"taxonomy":"category","embeddable":true,"href":"https:\/\/sylten.dk\/en\/wp-json\/wp\/v2\/categories?post=10404"}],"curies":[{"name":"wp","href":"https:\/\/api.w.org\/{rel}","templated":true}]}}