{"id":10418,"date":"2020-02-12T08:51:30","date_gmt":"2020-02-12T07:51:30","guid":{"rendered":"https:\/\/sylten.dk\/frontpage\/"},"modified":"2025-10-08T15:05:12","modified_gmt":"2025-10-08T13:05:12","slug":"frontpage","status":"publish","type":"page","link":"https:\/\/sylten.dk\/en\/","title":{"rendered":"Frontpage"},"content":{"rendered":"\t\t<div data-elementor-type=\"wp-page\" data-elementor-id=\"10418\" class=\"elementor elementor-10418 elementor-15\" data-elementor-post-type=\"page\">\n\t\t\t\t<div class=\"elementor-element elementor-element-5ca41e02 hero white elementor-hidden-desktop elementor-hidden-laptop elementor-hidden-tablet e-flex e-con-boxed e-con e-parent\" data-id=\"5ca41e02\" data-element_type=\"container\" data-e-type=\"container\" data-settings=\"{&quot;background_background&quot;:&quot;classic&quot;}\">\n\t\t\t\t\t<div class=\"e-con-inner\">\n\t\t\t\t<div class=\"elementor-element elementor-element-4794fb18 elementor-widget-mobile__width-inherit elementor-widget elementor-widget-heading\" data-id=\"4794fb18\" data-element_type=\"widget\" data-e-type=\"widget\" data-widget_type=\"heading.default\">\n\t\t\t\t<div class=\"elementor-widget-container\">\n\t\t\t\t\t<h1 class=\"elementor-heading-title elementor-size-default\">Food, Coffee and pottery painting in Drag\u00f8r<\/h1>\t\t\t\t<\/div>\n\t\t\t\t<\/div>\n\t\t\t\t<div class=\"elementor-element elementor-element-776ffcbd elementor-widget__width-inherit elementor-widget elementor-widget-text-editor\" data-id=\"776ffcbd\" data-element_type=\"widget\" data-e-type=\"widget\" data-widget_type=\"text-editor.default\">\n\t\t\t\t<div class=\"elementor-widget-container\">\n\t\t\t\t\t\t\t\t\t<p><span data-olk-copy-source=\"MessageBody\">Feel the cozy and captivating view of \u00d8resund \u2013 all year round.<\/span><\/p>\t\t\t\t\t\t\t\t<\/div>\n\t\t\t\t<\/div>\n\t\t\t\t<div class=\"elementor-element elementor-element-5b3fd089 elementor-align-justify elementor-widget__width-initial cta elementor-widget elementor-widget-button\" data-id=\"5b3fd089\" data-element_type=\"widget\" data-e-type=\"widget\" data-widget_type=\"button.default\">\n\t\t\t\t<div class=\"elementor-widget-container\">\n\t\t\t\t\t\t\t\t\t<div class=\"elementor-button-wrapper\">\n\t\t\t\t\t<a class=\"elementor-button elementor-button-link elementor-size-sm\" href=\"https:\/\/app.bobthebutler.dk\/guest\/tables\/sylten-i-s\/book\">\n\t\t\t\t\t\t<span class=\"elementor-button-content-wrapper\">\n\t\t\t\t\t\t\t\t\t<span class=\"elementor-button-text\">Book a table<\/span>\n\t\t\t\t\t<\/span>\n\t\t\t\t\t<\/a>\n\t\t\t\t<\/div>\n\t\t\t\t\t\t\t\t<\/div>\n\t\t\t\t<\/div>\n\t\t\t\t\t<\/div>\n\t\t\t\t<\/div>\n\t\t<div class=\"elementor-element elementor-element-13c7c180 hero white elementor-hidden-mobile e-flex e-con-boxed e-con e-parent\" data-id=\"13c7c180\" data-element_type=\"container\" data-e-type=\"container\" data-settings=\"{&quot;background_background&quot;:&quot;slideshow&quot;,&quot;background_slideshow_gallery&quot;:[{&quot;id&quot;:10673,&quot;url&quot;:&quot;https:\\\/\\\/sylten.dk\\\/wp-content\\\/uploads\\\/2025\\\/07\\\/stemning-ude-sylten-2-scaled.jpg&quot;},{&quot;id&quot;:10119,&quot;url&quot;:&quot;https:\\\/\\\/sylten.dk\\\/wp-content\\\/uploads\\\/2025\\\/03\\\/DSC05118.jpg&quot;},{&quot;id&quot;:9441,&quot;url&quot;:&quot;https:\\\/\\\/sylten.dk\\\/wp-content\\\/uploads\\\/2025\\\/02\\\/IMG_5292.jpg&quot;},{&quot;id&quot;:10617,&quot;url&quot;:&quot;https:\\\/\\\/sylten.dk\\\/wp-content\\\/uploads\\\/2025\\\/07\\\/sylten-langtfra-scaled.jpg&quot;},{&quot;id&quot;:10649,&quot;url&quot;:&quot;https:\\\/\\\/sylten.dk\\\/wp-content\\\/uploads\\\/2025\\\/07\\\/DSC04862.jpg&quot;},{&quot;id&quot;:10611,&quot;url&quot;:&quot;https:\\\/\\\/sylten.dk\\\/wp-content\\\/uploads\\\/2025\\\/07\\\/hybenrose-og-bobler-paa-vaeggen-scaled.jpg&quot;},{&quot;id&quot;:10117,&quot;url&quot;:&quot;https:\\\/\\\/sylten.dk\\\/wp-content\\\/uploads\\\/2025\\\/03\\\/DSC05095.jpg&quot;},{&quot;id&quot;:10290,&quot;url&quot;:&quot;https:\\\/\\\/sylten.dk\\\/wp-content\\\/uploads\\\/2025\\\/03\\\/1.png&quot;},{&quot;id&quot;:9439,&quot;url&quot;:&quot;https:\\\/\\\/sylten.dk\\\/wp-content\\\/uploads\\\/2025\\\/02\\\/IMG_5412.jpg&quot;},{&quot;id&quot;:10647,&quot;url&quot;:&quot;https:\\\/\\\/sylten.dk\\\/wp-content\\\/uploads\\\/2025\\\/07\\\/ren-keramik.png&quot;},{&quot;id&quot;:10653,&quot;url&quot;:&quot;https:\\\/\\\/sylten.dk\\\/wp-content\\\/uploads\\\/2025\\\/07\\\/DSC05089.jpg&quot;},{&quot;id&quot;:10655,&quot;url&quot;:&quot;https:\\\/\\\/sylten.dk\\\/wp-content\\\/uploads\\\/2025\\\/07\\\/DSC05158.jpg&quot;},{&quot;id&quot;:10651,&quot;url&quot;:&quot;https:\\\/\\\/sylten.dk\\\/wp-content\\\/uploads\\\/2025\\\/07\\\/DSC04905.jpg&quot;},{&quot;id&quot;:10677,&quot;url&quot;:&quot;https:\\\/\\\/sylten.dk\\\/wp-content\\\/uploads\\\/2025\\\/07\\\/stemning-aeldre-mennesker-ude.jpg&quot;},{&quot;id&quot;:10675,&quot;url&quot;:&quot;https:\\\/\\\/sylten.dk\\\/wp-content\\\/uploads\\\/2025\\\/07\\\/sykten-armamino.jpg&quot;},{&quot;id&quot;:10669,&quot;url&quot;:&quot;https:\\\/\\\/sylten.dk\\\/wp-content\\\/uploads\\\/2025\\\/07\\\/stemning-foerdselsdag-keramik-orangeri.jpg&quot;},{&quot;id&quot;:10657,&quot;url&quot;:&quot;https:\\\/\\\/sylten.dk\\\/wp-content\\\/uploads\\\/2025\\\/07\\\/2-scaled.jpg&quot;}],&quot;background_slideshow_transition_duration&quot;:1000,&quot;background_slideshow_loop&quot;:&quot;yes&quot;,&quot;background_slideshow_slide_duration&quot;:5000,&quot;background_slideshow_slide_transition&quot;:&quot;fade&quot;}\">\n\t\t\t\t\t<div class=\"e-con-inner\">\n\t\t\t\t<div class=\"elementor-element elementor-element-5b6cf3ff elementor-widget__width-inherit elementor-invisible elementor-widget elementor-widget-heading\" data-id=\"5b6cf3ff\" data-element_type=\"widget\" data-e-type=\"widget\" data-settings=\"{&quot;_animation&quot;:&quot;fadeIn&quot;,&quot;_animation_delay&quot;:200}\" data-widget_type=\"heading.default\">\n\t\t\t\t<div class=\"elementor-widget-container\">\n\t\t\t\t\t<p class=\"elementor-heading-title elementor-size-default\">Welcome to Sylten<\/p>\t\t\t\t<\/div>\n\t\t\t\t<\/div>\n\t\t\t\t<div class=\"elementor-element elementor-element-15e030e elementor-widget__width-inherit elementor-invisible elementor-widget elementor-widget-heading\" data-id=\"15e030e\" data-element_type=\"widget\" data-e-type=\"widget\" data-settings=\"{&quot;_animation&quot;:&quot;fadeIn&quot;,&quot;_animation_delay&quot;:400}\" data-widget_type=\"heading.default\">\n\t\t\t\t<div class=\"elementor-widget-container\">\n\t\t\t\t\t<h1 class=\"elementor-heading-title elementor-size-default\">Food, Coffee and pottery painting in Drag\u00f8r<\/h1>\t\t\t\t<\/div>\n\t\t\t\t<\/div>\n\t\t\t\t<div class=\"elementor-element elementor-element-533f8b60 elementor-widget__width-inherit elementor-invisible elementor-widget elementor-widget-text-editor\" data-id=\"533f8b60\" data-element_type=\"widget\" data-e-type=\"widget\" data-settings=\"{&quot;_animation&quot;:&quot;fadeIn&quot;,&quot;_animation_delay&quot;:600}\" data-widget_type=\"text-editor.default\">\n\t\t\t\t<div class=\"elementor-widget-container\">\n\t\t\t\t\t\t\t\t\t<p><span data-olk-copy-source=\"MessageBody\">Feel the cozy and captivating view of \u00d8resund \u2013 all year round.<\/span><\/p>\n\t\t\t\t\t\t\t\t<\/div>\n\t\t\t\t<\/div>\n\t\t<div class=\"elementor-element elementor-element-208df56 e-con-full e-flex e-con e-child\" data-id=\"208df56\" data-element_type=\"container\" data-e-type=\"container\">\n\t\t\t\t<div class=\"elementor-element elementor-element-726a7607 elementor-align-justify elementor-widget__width-initial cta elementor-invisible elementor-widget elementor-widget-button\" data-id=\"726a7607\" data-element_type=\"widget\" data-e-type=\"widget\" data-settings=\"{&quot;_animation&quot;:&quot;fadeIn&quot;,&quot;_animation_delay&quot;:800}\" data-widget_type=\"button.default\">\n\t\t\t\t<div class=\"elementor-widget-container\">\n\t\t\t\t\t\t\t\t\t<div class=\"elementor-button-wrapper\">\n\t\t\t\t\t<a class=\"elementor-button elementor-button-link elementor-size-sm\" href=\"https:\/\/app.bobthebutler.dk\/guest\/tables\/sylten-i-s\/book\" target=\"_blank\">\n\t\t\t\t\t\t<span class=\"elementor-button-content-wrapper\">\n\t\t\t\t\t\t\t\t\t<span class=\"elementor-button-text\">Book a table<\/span>\n\t\t\t\t\t<\/span>\n\t\t\t\t\t<\/a>\n\t\t\t\t<\/div>\n\t\t\t\t\t\t\t\t<\/div>\n\t\t\t\t<\/div>\n\t\t\t\t<\/div>\n\t\t\t\t\t<\/div>\n\t\t\t\t<\/div>\n\t\t<div class=\"elementor-element elementor-element-66dba043 e-flex e-con-boxed e-con e-parent\" data-id=\"66dba043\" data-element_type=\"container\" data-e-type=\"container\">\n\t\t\t\t\t<div class=\"e-con-inner\">\n\t\t\t\t<div class=\"elementor-element elementor-element-32c3363d elementor-widget elementor-widget-text-editor\" data-id=\"32c3363d\" data-element_type=\"widget\" data-e-type=\"widget\" data-widget_type=\"text-editor.default\">\n\t\t\t\t<div class=\"elementor-widget-container\">\n\t\t\t\t\t\t\t\t\t<h2>Welcome to Sylten<\/h2>\n<p data-olk-copy-source=\"MessageBody\">At Sylten, there<span lang=\"en-US\">\u00a0is<\/span><span lang=\"en-US\">\u00a0<\/span>room for everyone \u2013 locals and tourists, children, the young and the\u00a0<span lang=\"en-US\">elder<\/span>. Whether you arrive with sand between your toes, a kiteboard under your arm, sore feet from hiking the Amarmino trail, or freshly polished shoes \u2013 you\u2019re welcome here.<\/p>\n<p>In short, Sylten is for everyone, and we look forward to welcoming you for brunch, lunch, or an evening at our bistro.<\/p>\n\t\t\t\t\t\t\t\t<\/div>\n\t\t\t\t<\/div>\n\t\t\t\t\t<\/div>\n\t\t\t\t<\/div>\n\t\t<div class=\"elementor-element elementor-element-2327563e e-con-full e-flex e-con e-parent\" data-id=\"2327563e\" data-element_type=\"container\" data-e-type=\"container\" data-settings=\"{&quot;background_background&quot;:&quot;classic&quot;}\">\n\t\t<div class=\"elementor-element elementor-element-732e8b61 e-con-full e-flex e-con e-child\" data-id=\"732e8b61\" data-element_type=\"container\" data-e-type=\"container\">\n\t\t\t\t<div class=\"elementor-element elementor-element-58f0e9c elementor-cta--skin-cover elementor-widget__width-inherit elementor-cta--valign-top elementor-bg-transform elementor-bg-transform-zoom-in elementor-widget elementor-widget-call-to-action\" data-id=\"58f0e9c\" data-element_type=\"widget\" data-e-type=\"widget\" data-widget_type=\"call-to-action.default\">\n\t\t\t\t<div class=\"elementor-widget-container\">\n\t\t\t\t\t\t\t<a class=\"elementor-cta\" href=\"https:\/\/sylten.dk\/mad-og-drikke\/\">\n\t\t\t\t\t<div class=\"elementor-cta__bg-wrapper\">\n\t\t\t\t<div class=\"elementor-cta__bg elementor-bg\" style=\"background-image: url(https:\/\/sylten.dk\/wp-content\/uploads\/2025\/03\/DSC04901.jpg);\" role=\"img\" aria-label=\"DSC04901\"><\/div>\n\t\t\t\t<div class=\"elementor-cta__bg-overlay\"><\/div>\n\t\t\t<\/div>\n\t\t\t\t\t\t\t<div class=\"elementor-cta__content\">\n\t\t\t\t\n\t\t\t\t\t\t\t\t\t<h3 class=\"elementor-cta__title elementor-cta__content-item elementor-content-item\">\n\t\t\t\t\t\tFood and beverages\t\t\t\t\t<\/h3>\n\t\t\t\t\n\t\t\t\t\t\t\t\t\t<span class=\"elementor-cta__description elementor-cta__content-item elementor-content-item\">\n\t\t\t\t\t\t<p>Read more here<\/p>\n\t\t\t\t\t<\/span>\n\t\t\t\t\n\t\t\t\t\t\t\t<\/div>\n\t\t\t\t\t\t<\/a>\n\t\t\t\t\t\t<\/div>\n\t\t\t\t<\/div>\n\t\t\t\t<\/div>\n\t\t<div class=\"elementor-element elementor-element-122d853 e-con-full e-flex e-con e-child\" data-id=\"122d853\" data-element_type=\"container\" data-e-type=\"container\">\n\t\t\t\t<div class=\"elementor-element elementor-element-865a3bc elementor-cta--skin-cover elementor-widget__width-inherit elementor-cta--valign-top elementor-bg-transform elementor-bg-transform-zoom-in elementor-widget elementor-widget-call-to-action\" data-id=\"865a3bc\" data-element_type=\"widget\" data-e-type=\"widget\" data-widget_type=\"call-to-action.default\">\n\t\t\t\t<div class=\"elementor-widget-container\">\n\t\t\t\t\t\t\t<a class=\"elementor-cta\" href=\"https:\/\/sylten.dk\/mal-paa-keramik\/\">\n\t\t\t\t\t<div class=\"elementor-cta__bg-wrapper\">\n\t\t\t\t<div class=\"elementor-cta__bg elementor-bg\" style=\"background-image: url(https:\/\/sylten.dk\/wp-content\/uploads\/2025\/03\/DSC05095.jpg);\" role=\"img\" aria-label=\"DSC05095\"><\/div>\n\t\t\t\t<div class=\"elementor-cta__bg-overlay\"><\/div>\n\t\t\t<\/div>\n\t\t\t\t\t\t\t<div class=\"elementor-cta__content\">\n\t\t\t\t\n\t\t\t\t\t\t\t\t\t<h3 class=\"elementor-cta__title elementor-cta__content-item elementor-content-item\">\n\t\t\t\t\t\tPaint on pottery\t\t\t\t\t<\/h3>\n\t\t\t\t\n\t\t\t\t\t\t\t\t\t<span class=\"elementor-cta__description elementor-cta__content-item elementor-content-item\">\n\t\t\t\t\t\t<p>Read more here<\/p>\n\t\t\t\t\t<\/span>\n\t\t\t\t\n\t\t\t\t\t\t\t<\/div>\n\t\t\t\t\t\t<\/a>\n\t\t\t\t\t\t<\/div>\n\t\t\t\t<\/div>\n\t\t\t\t<\/div>\n\t\t<div class=\"elementor-element elementor-element-551a36f e-con-full e-flex e-con e-child\" data-id=\"551a36f\" data-element_type=\"container\" data-e-type=\"container\">\n\t\t\t\t<div class=\"elementor-element elementor-element-b10f6b7 elementor-cta--skin-cover elementor-widget__width-inherit elementor-cta--valign-top elementor-bg-transform elementor-bg-transform-zoom-in elementor-widget elementor-widget-call-to-action\" data-id=\"b10f6b7\" data-element_type=\"widget\" data-e-type=\"widget\" data-widget_type=\"call-to-action.default\">\n\t\t\t\t<div class=\"elementor-widget-container\">\n\t\t\t\t\t\t\t<a class=\"elementor-cta\" href=\"https:\/\/sylten.dk\/selskaber-og-konference-taet-ved-koebenhavn\/\">\n\t\t\t\t\t<div class=\"elementor-cta__bg-wrapper\">\n\t\t\t\t<div class=\"elementor-cta__bg elementor-bg\" style=\"background-image: url(https:\/\/sylten.dk\/wp-content\/uploads\/2025\/02\/IMG_56411.jpg);\" role=\"img\" aria-label=\"IMG_5641(1)\"><\/div>\n\t\t\t\t<div class=\"elementor-cta__bg-overlay\"><\/div>\n\t\t\t<\/div>\n\t\t\t\t\t\t\t<div class=\"elementor-cta__content\">\n\t\t\t\t\n\t\t\t\t\t\t\t\t\t<h3 class=\"elementor-cta__title elementor-cta__content-item elementor-content-item\">\n\t\t\t\t\t\tPrivate gatherings and conferences\t\t\t\t\t<\/h3>\n\t\t\t\t\n\t\t\t\t\t\t\t\t\t<span class=\"elementor-cta__description elementor-cta__content-item elementor-content-item\">\n\t\t\t\t\t\t<p>Read more here<\/p>\n\t\t\t\t\t<\/span>\n\t\t\t\t\n\t\t\t\t\t\t\t<\/div>\n\t\t\t\t\t\t<\/a>\n\t\t\t\t\t\t<\/div>\n\t\t\t\t<\/div>\n\t\t\t\t<\/div>\n\t\t<div class=\"elementor-element elementor-element-6f88915 e-con-full e-flex e-con e-child\" data-id=\"6f88915\" data-element_type=\"container\" data-e-type=\"container\">\n\t\t\t\t<div class=\"elementor-element elementor-element-6149f25 elementor-cta--skin-cover elementor-widget__width-inherit elementor-cta--valign-top elementor-bg-transform elementor-bg-transform-zoom-in elementor-widget elementor-widget-call-to-action\" data-id=\"6149f25\" data-element_type=\"widget\" data-e-type=\"widget\" data-widget_type=\"call-to-action.default\">\n\t\t\t\t<div class=\"elementor-widget-container\">\n\t\t\t\t\t\t\t<a class=\"elementor-cta\" href=\"https:\/\/app.bobthebutler.dk\/guest\/tables\/sylten-i-s\/book\" target=\"_blank\">\n\t\t\t\t\t<div class=\"elementor-cta__bg-wrapper\">\n\t\t\t\t<div class=\"elementor-cta__bg elementor-bg\" style=\"background-image: url(https:\/\/sylten.dk\/wp-content\/uploads\/2025\/03\/DSC05151.jpg);\" role=\"img\" aria-label=\"DSC05151\"><\/div>\n\t\t\t\t<div class=\"elementor-cta__bg-overlay\"><\/div>\n\t\t\t<\/div>\n\t\t\t\t\t\t\t<div class=\"elementor-cta__content\">\n\t\t\t\t\n\t\t\t\t\t\t\t\t\t<h3 class=\"elementor-cta__title elementor-cta__content-item elementor-content-item\">\n\t\t\t\t\t\tBook a table\t\t\t\t\t<\/h3>\n\t\t\t\t\n\t\t\t\t\t\t\t\t\t<span class=\"elementor-cta__description elementor-cta__content-item elementor-content-item\">\n\t\t\t\t\t\t<p>Read more here<\/p>\n\t\t\t\t\t<\/span>\n\t\t\t\t\n\t\t\t\t\t\t\t<\/div>\n\t\t\t\t\t\t<\/a>\n\t\t\t\t\t\t<\/div>\n\t\t\t\t<\/div>\n\t\t\t\t<\/div>\n\t\t\t\t<\/div>\n\t\t<div class=\"elementor-element elementor-element-9212238 e-con-full dark e-flex e-con e-parent\" data-id=\"9212238\" data-element_type=\"container\" data-e-type=\"container\">\n\t\t\t\t<div class=\"elementor-element elementor-element-31c3889 elementor-widget elementor-widget-heading\" data-id=\"31c3889\" data-element_type=\"widget\" data-e-type=\"widget\" data-widget_type=\"heading.default\">\n\t\t\t\t<div class=\"elementor-widget-container\">\n\t\t\t\t\t<h4 class=\"elementor-heading-title elementor-size-default\">Sylten refers to a flat and humid stretch of coastline, covered with grass and regularly flooded by the sea.<\/h4>\t\t\t\t<\/div>\n\t\t\t\t<\/div>\n\t\t\t\t<\/div>\n\t\t<div class=\"elementor-element elementor-element-9cd1cf7 e-flex e-con-boxed e-con e-parent\" data-id=\"9cd1cf7\" data-element_type=\"container\" data-e-type=\"container\">\n\t\t\t\t\t<div class=\"e-con-inner\">\n\t\t\t\t<div class=\"elementor-element elementor-element-61182ab elementor-widget elementor-widget-text-editor\" data-id=\"61182ab\" data-element_type=\"widget\" data-e-type=\"widget\" data-widget_type=\"text-editor.default\">\n\t\t\t\t<div class=\"elementor-widget-container\">\n\t\t\t\t\t\t\t\t\t<h3>Follow us on Instagram<\/h3>\n\t\t\t\t\t\t\t\t<\/div>\n\t\t\t\t<\/div>\n\t\t\t\t<div class=\"elementor-element elementor-element-7b4ed43 elementor-widget elementor-widget-html\" data-id=\"7b4ed43\" data-element_type=\"widget\" data-e-type=\"widget\" data-widget_type=\"html.default\">\n\t\t\t\t<div class=\"elementor-widget-container\">\n\t\t\t\t\t<!-- SnapWidget -->\r\n<script src=\"https:\/\/snapwidget.com\/js\/snapwidget.js\"><\/script>\r\n<iframe src=\"https:\/\/snapwidget.com\/embed\/1087972\" class=\"snapwidget-widget\" allowtransparency=\"true\" frameborder=\"0\" scrolling=\"no\" style=\"border:none; overflow:hidden;  width:100%; \" title=\"Posts from Instagram\"><\/iframe>\r\n \r\n\t\t\t\t<\/div>\n\t\t\t\t<\/div>\n\t\t\t\t\t<\/div>\n\t\t\t\t<\/div>\n\t\t\t\t<\/div>\n\t\t","protected":false},"excerpt":{"rendered":"<p>Food, Coffee and pottery painting in Drag\u00f8r Feel the cozy and captivating view of \u00d8resund \u2013 all year round. Book a table Welcome to Food, Coffee and pottery painting in Drag\u00f8r Feel the cozy and captivating view of \u00d8resund \u2013 all year round. Book a table Welcome to Sylten At Sylten, there\u00a0is\u00a0room for everyone \u2013 &#8230; <a title=\"Frontpage\" class=\"read-more\" href=\"https:\/\/sylten.dk\/en\/\" aria-label=\"Read more about Frontpage\">Read more<\/a><\/p>\n","protected":false},"author":1,"featured_media":11018,"parent":0,"menu_order":0,"comment_status":"closed","ping_status":"closed","template":"","meta":{"_acf_changed":false,"footnotes":""},"categories":[],"class_list":["post-10418","page","type-page","status-publish","has-post-thumbnail"],"acf":[],"yoast_head":"<!-- This site is optimized with the Yoast SEO plugin v26.8 - https:\/\/yoast.com\/product\/yoast-seo-wordpress\/ -->\n<title>Mad, kaffe og keramik i Drag\u00f8r | Sylten I\/S<\/title>\n<meta name=\"description\" content=\"Mad, kaffe og keramik i Drag\u00f8r. Contact Sylten I\/S today!\" \/>\n<meta name=\"robots\" content=\"index, follow, max-snippet:-1, max-image-preview:large, max-video-preview:-1\" \/>\n<link rel=\"canonical\" href=\"https:\/\/sylten.dk\/\" \/>\n<meta property=\"og:locale\" content=\"en_US\" \/>\n<meta property=\"og:type\" content=\"article\" \/>\n<meta property=\"og:title\" content=\"Mad, kaffe og keramik i Drag\u00f8r | Sylten I\/S\" \/>\n<meta property=\"og:description\" content=\"Mad, kaffe og keramik i Drag\u00f8r. Contact Sylten I\/S today!\" \/>\n<meta property=\"og:url\" content=\"https:\/\/sylten.dk\/\" \/>\n<meta property=\"og:site_name\" content=\"Sylten I\/S\" \/>\n<meta property=\"article:modified_time\" content=\"2025-10-08T13:05:12+00:00\" \/>\n<meta name=\"twitter:card\" content=\"summary_large_image\" \/>\n<meta name=\"twitter:label1\" content=\"Est. reading time\" \/>\n\t<meta name=\"twitter:data1\" content=\"1 minute\" \/>\n<script type=\"application\/ld+json\" class=\"yoast-schema-graph\">{\"@context\":\"https:\/\/schema.org\",\"@graph\":[{\"@type\":\"WebPage\",\"@id\":\"https:\/\/sylten.dk\/\",\"url\":\"https:\/\/sylten.dk\/\",\"name\":\"Mad, kaffe og keramik i Drag\u00f8r | Sylten I\/S\",\"isPartOf\":{\"@id\":\"https:\/\/sylten.dk\/#website\"},\"primaryImageOfPage\":{\"@id\":\"https:\/\/sylten.dk\/#primaryimage\"},\"image\":{\"@id\":\"https:\/\/sylten.dk\/#primaryimage\"},\"thumbnailUrl\":\"https:\/\/sylten.dk\/wp-content\/uploads\/2025\/11\/regnbue.jpg\",\"datePublished\":\"2020-02-12T07:51:30+00:00\",\"dateModified\":\"2025-10-08T13:05:12+00:00\",\"description\":\"Mad, kaffe og keramik i Drag\u00f8r. Contact Sylten I\/S today!\",\"breadcrumb\":{\"@id\":\"https:\/\/sylten.dk\/#breadcrumb\"},\"inLanguage\":\"en-US\",\"potentialAction\":[{\"@type\":\"ReadAction\",\"target\":[\"https:\/\/sylten.dk\/\"]}]},{\"@type\":\"ImageObject\",\"inLanguage\":\"en-US\",\"@id\":\"https:\/\/sylten.dk\/#primaryimage\",\"url\":\"https:\/\/sylten.dk\/wp-content\/uploads\/2025\/11\/regnbue.jpg\",\"contentUrl\":\"https:\/\/sylten.dk\/wp-content\/uploads\/2025\/11\/regnbue.jpg\",\"width\":768,\"height\":1024,\"caption\":\"Hyggelig caf\u00e9 n\u00e6r K\u00f8benhavn \u2013 Caf\u00e9 Sylten\"},{\"@type\":\"BreadcrumbList\",\"@id\":\"https:\/\/sylten.dk\/#breadcrumb\",\"itemListElement\":[{\"@type\":\"ListItem\",\"position\":1,\"name\":\"Forside\",\"item\":\"https:\/\/sylten.dk\/\"},{\"@type\":\"ListItem\",\"position\":2,\"name\":\"Frontpage\"}]},{\"@type\":\"WebSite\",\"@id\":\"https:\/\/sylten.dk\/#website\",\"url\":\"https:\/\/sylten.dk\/\",\"name\":\"Sylten I\/S\",\"description\":\"Mad, kaffe og keramik i Drag\u00f8r\",\"publisher\":{\"@id\":\"https:\/\/sylten.dk\/#organization\"},\"potentialAction\":[{\"@type\":\"SearchAction\",\"target\":{\"@type\":\"EntryPoint\",\"urlTemplate\":\"https:\/\/sylten.dk\/?s={search_term_string}\"},\"query-input\":{\"@type\":\"PropertyValueSpecification\",\"valueRequired\":true,\"valueName\":\"search_term_string\"}}],\"inLanguage\":\"en-US\"},{\"@type\":\"Organization\",\"@id\":\"https:\/\/sylten.dk\/#organization\",\"name\":\"Sylten I\/S\",\"url\":\"https:\/\/sylten.dk\/\",\"logo\":{\"@type\":\"ImageObject\",\"inLanguage\":\"en-US\",\"@id\":\"https:\/\/sylten.dk\/#\/schema\/logo\/image\/\",\"url\":\"https:\/\/sylten.dk\/wp-content\/uploads\/2025\/02\/Logo_Positiv_RGB.svg\",\"contentUrl\":\"https:\/\/sylten.dk\/wp-content\/uploads\/2025\/02\/Logo_Positiv_RGB.svg\",\"width\":2088,\"height\":1811,\"caption\":\"Sylten I\/S\"},\"image\":{\"@id\":\"https:\/\/sylten.dk\/#\/schema\/logo\/image\/\"}}]}<\/script>\n<!-- \/ Yoast SEO plugin. -->","yoast_head_json":{"title":"Mad, kaffe og keramik i Drag\u00f8r | Sylten I\/S","description":"Mad, kaffe og keramik i Drag\u00f8r. Contact Sylten I\/S today!","robots":{"index":"index","follow":"follow","max-snippet":"max-snippet:-1","max-image-preview":"max-image-preview:large","max-video-preview":"max-video-preview:-1"},"canonical":"https:\/\/sylten.dk\/","og_locale":"en_US","og_type":"article","og_title":"Mad, kaffe og keramik i Drag\u00f8r | Sylten I\/S","og_description":"Mad, kaffe og keramik i Drag\u00f8r. Contact Sylten I\/S today!","og_url":"https:\/\/sylten.dk\/","og_site_name":"Sylten I\/S","article_modified_time":"2025-10-08T13:05:12+00:00","twitter_card":"summary_large_image","twitter_misc":{"Est. reading time":"1 minute"},"schema":{"@context":"https:\/\/schema.org","@graph":[{"@type":"WebPage","@id":"https:\/\/sylten.dk\/","url":"https:\/\/sylten.dk\/","name":"Mad, kaffe og keramik i Drag\u00f8r | Sylten I\/S","isPartOf":{"@id":"https:\/\/sylten.dk\/#website"},"primaryImageOfPage":{"@id":"https:\/\/sylten.dk\/#primaryimage"},"image":{"@id":"https:\/\/sylten.dk\/#primaryimage"},"thumbnailUrl":"https:\/\/sylten.dk\/wp-content\/uploads\/2025\/11\/regnbue.jpg","datePublished":"2020-02-12T07:51:30+00:00","dateModified":"2025-10-08T13:05:12+00:00","description":"Mad, kaffe og keramik i Drag\u00f8r. Contact Sylten I\/S today!","breadcrumb":{"@id":"https:\/\/sylten.dk\/#breadcrumb"},"inLanguage":"en-US","potentialAction":[{"@type":"ReadAction","target":["https:\/\/sylten.dk\/"]}]},{"@type":"ImageObject","inLanguage":"en-US","@id":"https:\/\/sylten.dk\/#primaryimage","url":"https:\/\/sylten.dk\/wp-content\/uploads\/2025\/11\/regnbue.jpg","contentUrl":"https:\/\/sylten.dk\/wp-content\/uploads\/2025\/11\/regnbue.jpg","width":768,"height":1024,"caption":"Hyggelig caf\u00e9 n\u00e6r K\u00f8benhavn \u2013 Caf\u00e9 Sylten"},{"@type":"BreadcrumbList","@id":"https:\/\/sylten.dk\/#breadcrumb","itemListElement":[{"@type":"ListItem","position":1,"name":"Forside","item":"https:\/\/sylten.dk\/"},{"@type":"ListItem","position":2,"name":"Frontpage"}]},{"@type":"WebSite","@id":"https:\/\/sylten.dk\/#website","url":"https:\/\/sylten.dk\/","name":"Sylten I\/S","description":"Mad, kaffe og keramik i Drag\u00f8r","publisher":{"@id":"https:\/\/sylten.dk\/#organization"},"potentialAction":[{"@type":"SearchAction","target":{"@type":"EntryPoint","urlTemplate":"https:\/\/sylten.dk\/?s={search_term_string}"},"query-input":{"@type":"PropertyValueSpecification","valueRequired":true,"valueName":"search_term_string"}}],"inLanguage":"en-US"},{"@type":"Organization","@id":"https:\/\/sylten.dk\/#organization","name":"Sylten I\/S","url":"https:\/\/sylten.dk\/","logo":{"@type":"ImageObject","inLanguage":"en-US","@id":"https:\/\/sylten.dk\/#\/schema\/logo\/image\/","url":"https:\/\/sylten.dk\/wp-content\/uploads\/2025\/02\/Logo_Positiv_RGB.svg","contentUrl":"https:\/\/sylten.dk\/wp-content\/uploads\/2025\/02\/Logo_Positiv_RGB.svg","width":2088,"height":1811,"caption":"Sylten I\/S"},"image":{"@id":"https:\/\/sylten.dk\/#\/schema\/logo\/image\/"}}]}},"_links":{"self":[{"href":"https:\/\/sylten.dk\/en\/wp-json\/wp\/v2\/pages\/10418","targetHints":{"allow":["GET"]}}],"collection":[{"href":"https:\/\/sylten.dk\/en\/wp-json\/wp\/v2\/pages"}],"about":[{"href":"https:\/\/sylten.dk\/en\/wp-json\/wp\/v2\/types\/page"}],"author":[{"embeddable":true,"href":"https:\/\/sylten.dk\/en\/wp-json\/wp\/v2\/users\/1"}],"replies":[{"embeddable":true,"href":"https:\/\/sylten.dk\/en\/wp-json\/wp\/v2\/comments?post=10418"}],"version-history":[{"count":16,"href":"https:\/\/sylten.dk\/en\/wp-json\/wp\/v2\/pages\/10418\/revisions"}],"predecessor-version":[{"id":10769,"href":"https:\/\/sylten.dk\/en\/wp-json\/wp\/v2\/pages\/10418\/revisions\/10769"}],"wp:featuredmedia":[{"embeddable":true,"href":"https:\/\/sylten.dk\/en\/wp-json\/wp\/v2\/media\/11018"}],"wp:attachment":[{"href":"https:\/\/sylten.dk\/en\/wp-json\/wp\/v2\/media?parent=10418"}],"wp:term":[{"taxonomy":"category","embeddable":true,"href":"https:\/\/sylten.dk\/en\/wp-json\/wp\/v2\/categories?post=10418"}],"curies":[{"name":"wp","href":"https:\/\/api.w.org\/{rel}","templated":true}]}}